{"id":571,"date":"2022-02-02T21:10:00","date_gmt":"2022-02-02T21:10:00","guid":{"rendered":"https:\/\/structeco.eu\/the-emmedue-panel\/"},"modified":"2022-04-28T05:43:47","modified_gmt":"2022-04-28T05:43:47","slug":"the-emmedue-panel","status":"publish","type":"page","link":"https:\/\/structeco.eu\/sq\/the-emmedue-panel\/","title":{"rendered":"Panelet Emmedue"},"content":{"rendered":"<p>[et_pb_section fb_built=&#8221;1&#8243; admin_label=&#8221;section&#8221; _builder_version=&#8221;4.16&#8243; hover_enabled=&#8221;0&#8243; global_colors_info=&#8221;{}&#8221; sticky_enabled=&#8221;0&#8243;][et_pb_row admin_label=&#8221;row&#8221; _builder_version=&#8221;4.16&#8243; background_size=&#8221;initial&#8221; background_position=&#8221;top_left&#8221; background_repeat=&#8221;repeat&#8221; hover_enabled=&#8221;0&#8243; global_colors_info=&#8221;{}&#8221; sticky_enabled=&#8221;0&#8243;][et_pb_column type=&#8221;4_4&#8243; _builder_version=&#8221;4.16&#8243; custom_padding=&#8221;|||&#8221; global_colors_info=&#8221;{}&#8221; custom_padding__hover=&#8221;|||&#8221;][et_pb_text _builder_version=&#8221;4.17.3&#8243; _module_preset=&#8221;default&#8221; hover_enabled=&#8221;0&#8243; global_colors_info=&#8221;{}&#8221; sticky_enabled=&#8221;0&#8243;]<\/p>\n<p style=\"text-align: justify;\"><strong>Panelet Emmedue\u00a0<\/strong><\/p>\n<p>Nj\u00eb element i industrializuar p\u00ebr nj\u00eb proces nd\u00ebrtimi t\u00eb standardizuar<br \/>Zemra e Sistemit \u00ebsht\u00eb paneli i vet\u00ebm Emmedue n\u00eb polistiren t\u00eb zgjeruar: modular, jo i parafabrikuar dhe i mbyllur nga nj\u00eb rrjet\u00eb \u00e7eliku e dyfisht\u00eb e galvanizuar e bashkuar me lidh\u00ebs. Paneli prodhohet n\u00eb m\u00ebnyr\u00eb industriale dhe m\u00eb pas montohet dhe kompletohet direkt n\u00eb vend me dy shtresa betoni. Panelet vet\u00ebmb\u00ebshtet\u00ebse mund t\u00eb b\u00ebhen n\u00eb forma t\u00eb ndryshme dhe mbulojn\u00eb t\u00eb gjith\u00eb gam\u00ebn e elementeve t\u00eb nevojshme p\u00ebr t\u00eb finalizuar \u00e7do lloj projekti n\u00eb industrin\u00eb e nd\u00ebrtimit.<\/p>\n<p>Fal\u00eb panelit Emmedue, Emmedue Building System mund\u00ebson nd\u00ebrtimin e strukturave me cil\u00ebsi t\u00eb lart\u00eb me nj\u00eb \u00e7mim shum\u00eb ekonomik, p\u00ebr shkak t\u00eb efikasitetit t\u00eb arritur n\u00eb nd\u00ebrtimin e punimeve, l\u00ebvizjen dhe montimin e paneleve. Modulariteti i Sistemit Emmedue siguron fleksibilitet absolut t\u00eb projektimit dhe shkall\u00eb t\u00eb lart\u00eb integrimi me sisteme t\u00eb tjera nd\u00ebrtimi. Po k\u00ebshtu, thjesht\u00ebsia e montimit, leht\u00ebsia ekstreme dhe menaxhueshm\u00ebria e paneleve lejojn\u00eb realizimin e \u00e7do lloj nd\u00ebrtese, edhe n\u00eb kushte t\u00eb pafavorshme pune, zona t\u00eb rrezikuara nga t\u00ebrmeti dhe ekstreme klimatike.<\/p>\n<p>[\/et_pb_text][\/et_pb_column][\/et_pb_row][et_pb_row column_structure=&#8221;3_5,2_5&#8243; admin_label=&#8221;row&#8221; _builder_version=&#8221;4.16&#8243; background_size=&#8221;initial&#8221; background_position=&#8221;top_left&#8221; background_repeat=&#8221;repeat&#8221; global_colors_info=&#8221;{}&#8221;][et_pb_column type=&#8221;3_5&#8243; _builder_version=&#8221;4.16&#8243; custom_padding=&#8221;|||&#8221; global_colors_info=&#8221;{}&#8221; custom_padding__hover=&#8221;|||&#8221;][et_pb_text _builder_version=&#8221;4.17.3&#8243; _module_preset=&#8221;default&#8221; text_font_size=&#8221;18px&#8221; hover_enabled=&#8221;0&#8243; global_colors_info=&#8221;{}&#8221; sticky_enabled=&#8221;0&#8243;]<\/p>\n<p style=\"text-align: justify;\"><strong>Panelet teke<\/strong><\/p>\n<p>Paneli i vet\u00ebm Emmedue p\u00ebrb\u00ebhet nga polistiren i zgjeruar, modular, i mbyllur n\u00eb nj\u00eb rrjet\u00eb teli \u00e7eliku t\u00eb dyfisht\u00eb t\u00eb galvanizuar, t\u00eb lidhur me lidh\u00ebs, p\u00ebr t&#8217;u p\u00ebrfunduar me dy shtresa betoni.<\/p>\n<p>P\u00ebrdoret si struktur\u00eb mbajt\u00ebse, p\u00ebr nd\u00ebrtesa deri n\u00eb kat\u00ebr kate, me aplikim t\u00eb suvas\u00eb strukturore n\u00eb t\u00eb dy an\u00ebt. E p\u00ebrkryer p\u00ebr ndarje dhe veshje n\u00eb nd\u00ebrtesa t\u00eb reja ose t\u00eb rinovuara; si veshje dhe ndarje n\u00eb nd\u00ebrtesa industriale dhe tregtare me p\u00ebrmasa t\u00eb m\u00ebdha; si korniza izoluese p\u00ebr \u00e7ati dhe dysheme t\u00eb moderuara t\u00eb spam.<\/p>\n<p>Ideale p\u00ebr mure, ndarje, veshje, dysheme dhe \u00e7ati.<\/p>\n<p>[\/et_pb_text][\/et_pb_column][et_pb_column type=&#8221;2_5&#8243; _builder_version=&#8221;4.16&#8243; custom_padding=&#8221;|||&#8221; global_colors_info=&#8221;{}&#8221; custom_padding__hover=&#8221;|||&#8221;][et_pb_image src=&#8221;https:\/\/structeco.eu\/wp-content\/uploads\/2022\/02\/singel-panel.jpg&#8221; title_text=&#8221;singel-panel&#8221; _builder_version=&#8221;4.16&#8243; _module_preset=&#8221;default&#8221; custom_padding=&#8221;||||false|false&#8221; global_colors_info=&#8221;{}&#8221;][\/et_pb_image][\/et_pb_column][\/et_pb_row][et_pb_row column_structure=&#8221;3_5,2_5&#8243; admin_label=&#8221;row&#8221; _builder_version=&#8221;4.16&#8243; background_size=&#8221;initial&#8221; background_position=&#8221;top_left&#8221; background_repeat=&#8221;repeat&#8221; global_colors_info=&#8221;{}&#8221;][et_pb_column type=&#8221;3_5&#8243; _builder_version=&#8221;4.16&#8243; custom_padding=&#8221;|||&#8221; global_colors_info=&#8221;{}&#8221; custom_padding__hover=&#8221;|||&#8221;][et_pb_text _builder_version=&#8221;4.17.3&#8243; _module_preset=&#8221;default&#8221; text_font_size=&#8221;25px&#8221; hover_enabled=&#8221;0&#8243; global_colors_info=&#8221;{}&#8221; sticky_enabled=&#8221;0&#8243;]<\/p>\n<p style=\"text-align: justify;\"><strong>Panele dyshemeje<\/strong><\/p>\n<p>Panel p\u00ebr krijimin e dyshemeve dhe \u00e7atis\u00eb me trar\u00eb betoni t\u00eb armuar, me avantazhe t\u00eb konsiderueshme p\u00ebrsa i p\u00ebrket leht\u00ebsis\u00eb, izolimit dhe shpejt\u00ebsis\u00eb s\u00eb montimit.<\/p>\n<p>Paneli i dyshemes\u00eb Emmedue p\u00ebrb\u00ebhet nga nj\u00eb flet\u00eb e derdhur n\u00eb polistiren t\u00eb zgjeruar, dyshemet\u00eb dhe \u00e7atit\u00eb e nd\u00ebrtesave me shtesa \u00e7eliku shtes\u00eb n\u00eb trar\u00eb t\u00eb ve\u00e7ant\u00eb dhe derdhje pasuese t\u00eb p\u00ebrzierjes s\u00eb \u00e7imentos.<\/p>\n<p>Ideale p\u00ebr dysheme dhe \u00e7ati me trar\u00eb betoni t\u00eb armuar.<\/p>\n<p>&nbsp;<\/p>\n<p style=\"text-align: justify;\">[\/et_pb_text][\/et_pb_column][et_pb_column type=&#8221;2_5&#8243; _builder_version=&#8221;4.16&#8243; custom_padding=&#8221;|||&#8221; global_colors_info=&#8221;{}&#8221; custom_padding__hover=&#8221;|||&#8221;][et_pb_image src=&#8221;https:\/\/structeco.eu\/wp-content\/uploads\/2022\/02\/floor-panel.jpg&#8221; title_text=&#8221;floor-panel&#8221; _builder_version=&#8221;4.16&#8243; _module_preset=&#8221;default&#8221; global_colors_info=&#8221;{}&#8221;][\/et_pb_image][\/et_pb_column][\/et_pb_row][et_pb_row column_structure=&#8221;3_5,2_5&#8243; _builder_version=&#8221;4.16&#8243; _module_preset=&#8221;default&#8221; global_colors_info=&#8221;{}&#8221;][et_pb_column type=&#8221;3_5&#8243; _builder_version=&#8221;4.16&#8243; _module_preset=&#8221;default&#8221; global_colors_info=&#8221;{}&#8221;][et_pb_text _builder_version=&#8221;4.17.3&#8243; _module_preset=&#8221;default&#8221; hover_enabled=&#8221;0&#8243; global_colors_info=&#8221;{}&#8221; sticky_enabled=&#8221;0&#8243;]<\/p>\n<p><strong>Paneli i dyfisht\u00eb<\/strong><\/p>\n<p>Paneli i dyfisht\u00eb Emmedue p\u00ebrb\u00ebhet nga dy panele t\u00eb vetme, t\u00eb formuara n\u00eb m\u00ebnyr\u00eb t\u00eb p\u00ebrshtatshme dhe t\u00eb bashkuara s\u00eb bashku me lidh\u00ebs t\u00eb dyfisht\u00eb horizontal\u00eb q\u00eb futen n\u00eb nj\u00eb hap\u00ebsir\u00eb \u200b\u200bp\u00ebr t&#8217;u mbushur me gdhendje me karakteristika dhe rezistenc\u00eb t\u00eb p\u00ebrshtatshme.<\/p>\n<p>Trash\u00ebsia e septumit t\u00eb gdhendjes brenda panelit t\u00eb dyfisht\u00eb, si dhe karakteristikat e vet\u00eb penelit do t\u00eb p\u00ebrcaktohen sipas k\u00ebrkesave strukturore. Paneli p\u00ebrfundimisht kompletohet me aplikimin e gaztokretit t\u00eb jasht\u00ebm.<\/p>\n<p>Paneli i dyfisht\u00eb vjen me p\u00ebrforcim t\u00eb certifikuar nga Laboratori Zyrtar n\u00eb p\u00ebrputhje me Ligjin 5\/11\/1971 nr. 1086 -D.M. 14\/01\/2008, n\u00eb p\u00ebrputhje me dispozitat n\u00eb lidhje me strukturat e betonit t\u00eb armuar si\u00e7 thuhet n\u00eb EUROKOD 2 (EC2).<\/p>\n<p>Ideale p\u00ebr mure R.C si mure mbajt\u00ebse dhe tok\u00eb.<\/p>\n<p style=\"text-align: justify;\">[\/et_pb_text][\/et_pb_column][et_pb_column type=&#8221;2_5&#8243; _builder_version=&#8221;4.16&#8243; _module_preset=&#8221;default&#8221; global_colors_info=&#8221;{}&#8221;][et_pb_image src=&#8221;https:\/\/structeco.eu\/wp-content\/uploads\/2022\/02\/M2_Pannello_Doppio_Compo_v05.jpg&#8221; title_text=&#8221;M2_Pannello_Doppio_Compo_v05&#8243; _builder_version=&#8221;4.16&#8243; _module_preset=&#8221;default&#8221; global_colors_info=&#8221;{}&#8221;][\/et_pb_image][\/et_pb_column][\/et_pb_row][et_pb_row column_structure=&#8221;3_5,2_5&#8243; _builder_version=&#8221;4.16&#8243; _module_preset=&#8221;default&#8221; global_colors_info=&#8221;{}&#8221;][et_pb_column type=&#8221;3_5&#8243; _builder_version=&#8221;4.16&#8243; _module_preset=&#8221;default&#8221; global_colors_info=&#8221;{}&#8221;][et_pb_text _builder_version=&#8221;4.17.3&#8243; _module_preset=&#8221;default&#8221; hover_enabled=&#8221;0&#8243; global_colors_info=&#8221;{}&#8221; sticky_enabled=&#8221;0&#8243;]<\/p>\n<p style=\"text-align: justify;\"><strong>Panelet e shkall\u00ebve<\/strong><\/p>\n<p>Paneli i shkall\u00ebve p\u00ebrb\u00ebhet nga nj\u00eb bllok polistireni i zgjeruar, i formuar sipas k\u00ebrkesave t\u00eb projektimit dhe i vendosur midis dy rrjetave me tela \u00e7eliku. Pasi ky panel t\u00eb p\u00ebrforcohet si\u00e7 duhet dhe t\u00eb derdhet plot\u00ebsisht n\u00eb hap\u00ebsirat e duhura, \u00ebsht\u00eb ideale t\u00eb nd\u00ebrtohen shkall\u00eb q\u00eb mund t\u00eb mbarohen sip\u00ebrfaq\u00ebsisht me suva tradicionale, pllaka ose \u00e7do material tjet\u00ebr dekorimi.<\/p>\n<p>Paneli i shkall\u00ebve karakterizohet nga instalimi i tij i shpejt\u00eb dhe i leht\u00eb, i kombinuar me nj\u00eb leht\u00ebsi t\u00eb ve\u00e7ant\u00eb dhe rezistenc\u00eb strukturore.<\/p>\n<p>Ideale p\u00ebr shkall\u00ebt e lehta dhe rezistente q\u00eb realizohen shpejt.<\/p>\n<p>[\/et_pb_text][\/et_pb_column][et_pb_column type=&#8221;2_5&#8243; _builder_version=&#8221;4.16&#8243; _module_preset=&#8221;default&#8221; global_colors_info=&#8221;{}&#8221;][et_pb_image src=&#8221;https:\/\/structeco.eu\/wp-content\/uploads\/2022\/02\/M2_Pannello_NUDO_Scala_Compo_v05-1.png&#8221; title_text=&#8221;M2_Pannello_NUDO_Scala_Compo_v05&#8243; _builder_version=&#8221;4.16&#8243; _module_preset=&#8221;default&#8221; global_colors_info=&#8221;{}&#8221;][\/et_pb_image][\/et_pb_column][\/et_pb_row][et_pb_row column_structure=&#8221;3_5,2_5&#8243; _builder_version=&#8221;4.16&#8243; _module_preset=&#8221;default&#8221; global_colors_info=&#8221;{}&#8221;][et_pb_column type=&#8221;3_5&#8243; _builder_version=&#8221;4.16&#8243; _module_preset=&#8221;default&#8221; global_colors_info=&#8221;{}&#8221;][et_pb_text _builder_version=&#8221;4.17.3&#8243; _module_preset=&#8221;default&#8221; hover_enabled=&#8221;0&#8243; global_colors_info=&#8221;{}&#8221; sticky_enabled=&#8221;0&#8243;]<\/p>\n<p><strong>Panelet tok\u00ebsore<\/strong><\/p>\n<p>Paneli p\u00ebrdoret p\u00ebr t\u00eb nd\u00ebrtuar tok\u00ebzime, dysheme dhe pllaka t\u00eb p\u00ebrforcuara dydrejtimisht. I jep izolim t\u00eb vazhduesh\u00ebm intrados s\u00eb panelit.<\/p>\n<p>Paneli i uljes Emmedue \u00ebsht\u00eb nj\u00eb zgjidhje e shk\u00eblqyer p\u00ebr nd\u00ebrtimin e uljeve ngjitur me shkall\u00ebt e b\u00ebra me panelin e shkall\u00ebve Emmedue.<\/p>\n<p>Paneli i uljes mund t\u00eb p\u00ebrdoret gjithashtu p\u00ebr \u00e7do pllak\u00eb ose pllak\u00eb n\u00eb R.C. t\u00eb p\u00ebrforcohet n\u00eb dy drejtime, me avantazhin e uljes s\u00eb konsiderueshme t\u00eb pesh\u00ebs n\u00eb krahasim me nj\u00eb pllak\u00eb t\u00eb fort\u00eb dhe pranis\u00eb s\u00eb nj\u00eb izolimi t\u00eb vazhduesh\u00ebm q\u00eb vepron edhe si kallep.<\/p>\n<p>Ideale p\u00ebr ulje, dysheme dhe pllaka t\u00eb armatosura me dy drejtime.<\/p>\n<p>[\/et_pb_text][\/et_pb_column][et_pb_column type=&#8221;2_5&#8243; _builder_version=&#8221;4.16&#8243; _module_preset=&#8221;default&#8221; global_colors_info=&#8221;{}&#8221;][et_pb_image src=&#8221;https:\/\/structeco.eu\/wp-content\/uploads\/2022\/02\/M2_Pannello_Solaio_Compo_v05.jpg&#8221; title_text=&#8221;M2_Pannello_Solaio_Compo_v05&#8243; _builder_version=&#8221;4.16&#8243; _module_preset=&#8221;default&#8221; global_colors_info=&#8221;{}&#8221;][\/et_pb_image][\/et_pb_column][\/et_pb_row][et_pb_row column_structure=&#8221;3_5,2_5&#8243; _builder_version=&#8221;4.16&#8243; _module_preset=&#8221;default&#8221; global_colors_info=&#8221;{}&#8221;][et_pb_column type=&#8221;3_5&#8243; _builder_version=&#8221;4.16&#8243; _module_preset=&#8221;default&#8221; global_colors_info=&#8221;{}&#8221;][et_pb_text _builder_version=&#8221;4.17.3&#8243; _module_preset=&#8221;default&#8221; hover_enabled=&#8221;0&#8243; global_colors_info=&#8221;{}&#8221; sticky_enabled=&#8221;0&#8243;]<\/p>\n<p><strong>Panelet e lakuara<\/strong><\/p>\n<p>Paneli i lakuar \u00ebsht\u00eb nj\u00eb panel i ve\u00e7ant\u00eb, me p\u00ebrmasa dhe trash\u00ebsi t\u00eb m\u00ebdha, i prodhuar n\u00eb fabrik\u00eb n\u00eb form\u00eb t\u00eb shesht\u00eb dhe i rregulluar p\u00ebr tu lakuar m\u00eb von\u00eb n\u00eb vend.<br \/>K\u00ebshtu, paneli i prodhuar transportohet leht\u00ebsisht dhe m\u00eb pas, manualisht ose gjysm\u00eb-automatikisht, lakuar n\u00eb vend n\u00eb form\u00ebn e d\u00ebshiruar, duke p\u00ebrdorur nj\u00eb mjet pneumatik t\u00eb projektuar nga Emmedue.<\/p>\n<p>Avantazhi kryesor i panelit \u00ebsht\u00eb aft\u00ebsia p\u00ebr t\u00eb mbuluar sip\u00ebrfaqe t\u00eb m\u00ebdha shpejt dhe me leht\u00ebsi. P\u00ebr m\u00eb tep\u00ebr, k\u00ebto panele i lejojn\u00eb arkitekt\u00ebt t\u00eb jen\u00eb m\u00eb kreativ\u00eb dhe t\u00eb testojn\u00eb forma t\u00eb reja. Sip\u00ebrfaqja e lakuar rrit qarkullimin e ajrit, duke reduktuar lag\u00ebshtin\u00eb e mundshme dhe duke p\u00ebrmir\u00ebsuar performanc\u00ebn termike t\u00eb sht\u00ebpive.<\/p>\n<p>[\/et_pb_text][\/et_pb_column][et_pb_column type=&#8221;2_5&#8243; _builder_version=&#8221;4.16&#8243; _module_preset=&#8221;default&#8221; global_colors_info=&#8221;{}&#8221;][et_pb_image src=&#8221;https:\/\/structeco.eu\/wp-content\/uploads\/2022\/02\/M2_Pannello_Curvo_Compo_v05.jpg&#8221; title_text=&#8221;M2_Pannello_Curvo_Compo_v05&#8243; _builder_version=&#8221;4.16&#8243; _module_preset=&#8221;default&#8221; global_colors_info=&#8221;{}&#8221;][\/et_pb_image][\/et_pb_column][\/et_pb_row][\/et_pb_section]<\/p>\n","protected":false},"excerpt":{"rendered":"<p>Panelet Emmedue\u00a0 Nj\u00eb element i industrializuar p\u00ebr nj\u00eb proces nd\u00ebrtimi t\u00eb standardizuarZemra e Sistemit \u00ebsht\u00eb paneli i vet\u00ebm Emmedue n\u00eb polistiren t\u00eb zgjeruar: modular, jo i parafabrikuar dhe i mbyllur nga nj\u00eb rrjet\u00eb \u00e7eliku e dyfisht\u00eb e galvanizuar e bashkuar me lidh\u00ebs. Paneli prodhohet n\u00eb m\u00ebnyr\u00eb industriale dhe m\u00eb pas montohet dhe kompletohet direkt n\u00eb [&hellip;]<\/p>\n","protected":false},"author":1,"featured_media":0,"parent":0,"menu_order":0,"comment_status":"closed","ping_status":"closed","template":"","meta":{"_et_pb_use_builder":"on","_et_pb_old_content":"<!-- wp:heading {\"level\":3} -->\n<h3 id=\"an-industrialised-element-for-a-standardised-building-process\">An industrialised element for a standardised building process<\/h3>\n<!-- \/wp:heading -->\n\n<!-- wp:heading {\"level\":3} -->\n<h3 id=\"the-heart-of-the-system-is-the-emmedue-single-panel-in-expanded-polystyrene-modular-not-prefabricated-and-enclosed-by-a-double-galvanized-steel-mesh-joined-by-connectors-the-panel-is-industrially-produced-and-it-is-then-assembled-and-completed-directly-on-site-with-two-layers-of-concrete-the-self-supporting-panels-can-be-made-in-various-shapes-and-cover-the-entire-range-of-elements-necessary-to-finalize-any-type-of-project-in-the-building-industry-thanks-to-the-emmedue-panel-the-emmedue-building-system-allows-high-quality-structures-to-be-built-at-a-very-economical-price-due-to-the-efficiency-achieved-in-the-construction-of-the-works-the-movement-and-assembly-of-the-panels-the-modularity-of-the-emmedue-system-affords-absolute-design-flexibility-and-high-degrees-of-integration-with-other-building-systems-likewise-the-simplicity-of-the-assembly-the-extreme-lightness-and-manageability-of-the-panels-allow-the-realization-of-any-type-of-building-even-in-adverse-working-conditions-earthquake-prone-areas-and-climate-extremes\">The heart of the System is the Emmedue single panel in expanded polystyrene: modular, not prefabricated and enclosed by a double-galvanized steel mesh joined by connectors. The panel is industrially produced and it is then assembled and completed directly on site with two layers of concrete. The self-supporting panels can be made in various shapes and cover the entire range of elements necessary to finalize any type of project in the building industry.<br><br>Thanks to the Emmedue panel, the Emmedue Building System allows high-quality structures to be built at a very economical price, due to the efficiency achieved in the construction of the works, the movement and assembly of the panels. The modularity of the Emmedue System affords absolute design flexibility and high degrees of integration with other building systems. Likewise, the simplicity of the assembly, the extreme lightness and manageability of the panels allow the realization of any type of building, even in adverse working conditions, earthquake-prone areas and climate extremes.<\/h3>\n<!-- \/wp:heading -->\n\n<!-- wp:heading {\"level\":3} -->\n<h3 id=\"single-panel\">Single Panel<\/h3>\n<!-- \/wp:heading -->\n\n<!-- wp:heading {\"level\":3} -->\n<h3 id=\"the-emmedue-single-panel-is-made-up-of-expanded-polystyrene-modular-enclosed-in-a-double-galvanised-steel-wire-mesh-linked-by-connectors-to-be-finished-with-two-layers-of-concrete-used-as-a-supporting-structure-for-buildings-up-to-four-floors-with-application-of-structural-plaster-on-both-sides-perfect-for-partitions-and-claddings-in-new-or-refurbished-buildings-as-claddings-and-partitions-in-large-sized-industrial-and-commercial-buildings-as-insulating-frameworks-for-roofing-and-moderate-spam-floors-ideal-for-walls-partitions-cladding-floors-and-roofs\">The Emmedue single panel is made up of expanded polystyrene, modular, enclosed in a double-galvanised steel wire mesh linked by connectors, to be finished with two layers of concrete.<br><br>Used as a supporting structure, for buildings up to four floors, with application of structural plaster on both sides. Perfect for partitions and claddings in new or refurbished buildings; as claddings and partitions in large-sized industrial and commercial buildings; as insulating frameworks for roofing and moderate spam floors.<br><br>Ideal for walls, partitions, cladding, floors and roofs.<\/h3>\n<!-- \/wp:heading -->\n\n<!-- wp:heading {\"level\":3} -->\n<h3>&nbsp;<\/h3>\n<!-- \/wp:heading -->\n\n<!-- wp:heading {\"level\":3} -->\n<h3 id=\"double-panel\">Double Panel<\/h3>\n<!-- \/wp:heading -->\n\n<!-- wp:heading {\"level\":3} -->\n<h3 id=\"the-emmedue-double-panel-consists-of-two-single-panels-suitably-shaped-and-joined-together-with-double-horizontal-connectors-that-are-inserted-into-a-space-to-be-filled-with-shotcrete-of-appropriate-characteristics-and-resistance-the-thickness-of-the-shotcrete-septum-inside-the-double-panel-as-well-as-the-characteristics-of-the-shotcrete-itself-will-be-determined-according-to-the-structural-requirements-the-panel-is-finally-completed-with-the-application-of-the-external-shotcrete-the-double-panel-comes-with-reinforcement-certified-by-an-official-laboratory-in-accordance-with-the-law-5-11-1971-no-1086-d-m-14-01-2008-complying-with-the-provisions-concerning-reinforced-concrete-structures-as-stated-by-the-eurocode-2-ec2-ideal-for-r-c-walls-such-as-load-bearing-walls-and-ground\">The Emmedue double panel consists of two single panels, suitably shaped and joined together with double horizontal connectors that&nbsp;are inserted into a space to be filled with shotcrete of appropriate characteristics and resistance.<br><br>The thickness of the shotcrete septum inside the double panel, as well as the characteristics of the shotcrete itself, will be determined according to the structural requirements. The panel is finally completed with the application of the external shotcrete.<br><br>The double panel comes with reinforcement certified by an Official Laboratory in accordance with the Law 5\/11\/1971 no. 1086 -D.M. 14\/01\/2008, complying with the provisions concerning reinforced concrete structures as stated by the EUROCODE 2 (EC2).<br><br>Ideal for R.C walls such as load-bearing walls and ground.<\/h3>\n<!-- \/wp:heading -->\n\n<!-- wp:heading {\"level\":3} -->\n<h3>&nbsp;<\/h3>\n<!-- \/wp:heading -->\n\n<!-- wp:heading {\"level\":3} -->\n<h3 id=\"floor-panel\">Floor Panel<\/h3>\n<!-- \/wp:heading -->\n\n<!-- wp:heading {\"level\":3} -->\n<h3 id=\"panel-for-creating-floors-and-roofs-with-reinforced-concrete-beams-with-considerable-advantages-in-terms-of-lightness-insulation-and-assembly-speed-the-emmedue-floor-panel-is-composed-of-a-molded-sheet-in-expanded-polystyrene-floors-and-roofing-of-buildings-with-the-supplementary-steel-additions-in-special-joists-and-subsequent-casting-of-cement-mix-ideal-for-floors-and-roofs-with-reinforced-concrete-beams\">Panel for creating floors and roofs with reinforced concrete beams, with considerable advantages in terms of lightness, insulation and assembly speed.&nbsp;<br><br>The Emmedue floor panel is composed of a molded sheet in expanded polystyrene, floors and roofing of buildings&nbsp; with the supplementary steel additions &nbsp;in special joists and subsequent casting of cement mix.<br><br>Ideal for floors and roofs with reinforced concrete beams.<\/h3>\n<!-- \/wp:heading -->\n\n<!-- wp:heading {\"level\":3} -->\n<h3 id=\"stair-panel\">Stair Panel<\/h3>\n<!-- \/wp:heading -->\n\n<!-- wp:heading {\"level\":3} -->\n<h3 id=\"the-stair-panel-consists-of-an-expanded-polystyrene-block-shaped-according-to-the-design-requirements-and-sandwiched-between-two-steel-wire-meshes-once-this-panel-is-properly-reinforced-and-completely-casted-in-the-appropriate-spaces-it-is-ideal-to-build-stairs-that-can-be-superficially-finished-with-traditional-plaster-tiles-or-any-other-finishing-materials-the-stair-panel-is-characterized-by-its-quick-and-easy-installation-combined-with-a-distinct-lightness-and-structural-resistance-ideal-for-lightweight-and-resistant-staircase-that-are-fast-to-carry-out\">The stair panel consists of an expanded polystyrene block, shaped according to the design requirements and sandwiched between two steel wire meshes. Once this panel is properly reinforced and completely casted in the appropriate spaces,&nbsp; it is ideal to build stairs that can be superficially finished &nbsp;&nbsp;with traditional plaster, tiles or any other finishing materials.<br><br>The stair panel is characterized by its quick and easy installation, combined with a distinct lightness and structural resistance.<br><br>Ideal for lightweight and resistant staircase that are fast to carry out.<\/h3>\n<!-- \/wp:heading -->\n\n<!-- wp:heading {\"level\":3} -->\n<h3>&nbsp;<\/h3>\n<!-- \/wp:heading -->\n\n<!-- wp:heading {\"level\":3} -->\n<h3 id=\"landing-panel\">Landing Panel<\/h3>\n<!-- \/wp:heading -->\n\n<!-- wp:heading {\"level\":3} -->\n<h3 id=\"panel-used-to-build-landings-floors-and-bi-directionally-reinforced-plates-it-gives-continuous-insulation-to-the-intrados-of-the-panel-the-emmedue-landing-panel-is-an-excellent-solution-to-building-landings-adjacent-to-staircases-made-with-the-emmedue-stair-panel-the-landing-panel-can-also-be-used-for-any-plate-or-slab-in-r-c-to-be-reinforced-in-two-directions-with-the-advantage-of-a-considerable-reduction-of-weight-compared-to-a-solid-slab-and-the-presence-of-a-continuous-insulation-that-also-acts-as-a-formwork-ideal-for-landings-floors-and-bidirectional-armed-plates\">Panel used to build landings, floors and bi-directionally reinforced plates. It gives continuous insulation to the intrados of the panel.<br>The Emmedue landing panel is an excellent solution to building landings adjacent to staircases made with the Emmedue stair panel.<br><br>The landing panel can also be used for any plate or slab in R.C. to be reinforced in two directions, with the advantage of a considerable reduction of weight compared to a solid slab,&nbsp; and the presence of a continuous insulation that also acts as a formwork.<br><br>Ideal for landings, floors and bidirectional armed plates.<\/h3>\n<!-- \/wp:heading -->\n\n<!-- wp:heading {\"level\":3} -->\n<h3>&nbsp;<\/h3>\n<!-- \/wp:heading -->\n\n<!-- wp:heading {\"level\":3} -->\n<h3 id=\"curved-panel\">Curved Panel<\/h3>\n<!-- \/wp:heading -->\n\n<!-- wp:paragraph -->\n<p>The curved panel is a special panel, of great dimensions and thickness, produced in the factory in a flat shape and arranged to be curved, later, on site.<br>Thus, the panel produced&nbsp; is easily transported and then, manually or semi-automatically, curved on site into the desired form, using a pneumatic tool designed by Emmedue.<br><br>The main advantage of the panel&nbsp; is the ability to cover large surfaces quickly and conveniently. Moreover, these panels allow architects to be more creative and test new shapes. The curved surface enhances the air circulation, reducing the potential moisture and improving the thermal performances of the houses.<\/p>\n<!-- \/wp:paragraph -->","_et_gb_content_width":"","footnotes":""},"class_list":["post-571","page","type-page","status-publish","hentry"],"aioseo_notices":[],"_links":{"self":[{"href":"https:\/\/structeco.eu\/sq\/wp-json\/wp\/v2\/pages\/571","targetHints":{"allow":["GET"]}}],"collection":[{"href":"https:\/\/structeco.eu\/sq\/wp-json\/wp\/v2\/pages"}],"about":[{"href":"https:\/\/structeco.eu\/sq\/wp-json\/wp\/v2\/types\/page"}],"author":[{"embeddable":true,"href":"https:\/\/structeco.eu\/sq\/wp-json\/wp\/v2\/users\/1"}],"replies":[{"embeddable":true,"href":"https:\/\/structeco.eu\/sq\/wp-json\/wp\/v2\/comments?post=571"}],"version-history":[{"count":2,"href":"https:\/\/structeco.eu\/sq\/wp-json\/wp\/v2\/pages\/571\/revisions"}],"predecessor-version":[{"id":605,"href":"https:\/\/structeco.eu\/sq\/wp-json\/wp\/v2\/pages\/571\/revisions\/605"}],"wp:attachment":[{"href":"https:\/\/structeco.eu\/sq\/wp-json\/wp\/v2\/media?parent=571"}],"curies":[{"name":"wp","href":"https:\/\/api.w.org\/{rel}","templated":true}]}}