{"id":569,"date":"2022-02-06T17:54:54","date_gmt":"2022-02-06T17:54:54","guid":{"rendered":"https:\/\/structeco.eu\/single-sip-panel\/"},"modified":"2022-04-28T15:19:00","modified_gmt":"2022-04-28T15:19:00","slug":"single-sip-panel","status":"publish","type":"page","link":"https:\/\/structeco.eu\/sq\/single-sip-panel\/","title":{"rendered":"Panel i Vet\u00ebm"},"content":{"rendered":"<p>[et_pb_section fb_built=&#8221;1&#8243; _builder_version=&#8221;4.16&#8243; _module_preset=&#8221;default&#8221; use_background_color_gradient=&#8221;on&#8221; background_color_gradient_type=&#8221;circular&#8221; background_color_gradient_stops=&#8221;#7e8901 0%|#2b87da 100%&#8221; background_color_gradient_start=&#8221;#7e8901&#8243; background_color_gradient_end=&#8221;#2b87da&#8221; custom_padding=&#8221;35px|||||&#8221; bottom_divider_style=&#8221;arrow2&#8243; bottom_divider_color=&#8221;#7CDA24&#8243; bottom_divider_height=&#8221;230px&#8221; bottom_divider_repeat=&#8221;1x&#8221; global_colors_info=&#8221;{}&#8221;][et_pb_row _builder_version=&#8221;4.16&#8243; _module_preset=&#8221;default&#8221; global_colors_info=&#8221;{}&#8221;][et_pb_column type=&#8221;4_4&#8243; _builder_version=&#8221;4.16&#8243; _module_preset=&#8221;default&#8221; global_colors_info=&#8221;{}&#8221;][et_pb_text _builder_version=&#8221;4.17.3&#8243; _module_preset=&#8221;default&#8221; text_font=&#8221;|700|||||||&#8221; text_text_color=&#8221;#FFFFFF&#8221; text_font_size=&#8221;19px&#8221; header_font=&#8221;Abel|700|||||||&#8221; header_text_align=&#8221;center&#8221; header_text_color=&#8221;#a0a0a0&#8243; header_font_size=&#8221;42px&#8221; background_image=&#8221;https:\/\/structeco.eu\/wp-content\/uploads\/2022\/02\/M2_Pannello_NUDO_Singolo_Compo_v05.png&#8221; min_height=&#8221;406.6px&#8221; custom_margin=&#8221;-52px|||||&#8221; custom_padding=&#8221;80px||||false|false&#8221; global_colors_info=&#8221;{}&#8221;]<\/p>\n<h1 style=\"text-align: center;\">Panele muri teke<\/h1>\n<h1 style=\"text-align: center;\"><span style=\"color: #000000;\">Paneli i vet\u00ebm eko-miq\u00ebsor EMMEDUE\u00ae p\u00ebrb\u00ebhet nga nj\u00eb gril\u00eb hap\u00ebsinore prej \u00e7eliku q\u00eb mbyll nj\u00eb b\u00ebrtham\u00eb prej polistireni t\u00eb zgjeruar, i cili m\u00eb pas p\u00ebrfundon, n\u00eb vend, me suva.<\/span><\/h1>\n<p>[\/et_pb_text][\/et_pb_column][\/et_pb_row][\/et_pb_section][et_pb_section fb_built=&#8221;1&#8243; _builder_version=&#8221;4.16&#8243; _module_preset=&#8221;default&#8221; bottom_divider_color=&#8221;#7CDA24&#8243; global_colors_info=&#8221;{}&#8221;][et_pb_row column_structure=&#8221;1_2,1_2&#8243; _builder_version=&#8221;4.16&#8243; _module_preset=&#8221;default&#8221; global_colors_info=&#8221;{}&#8221;][et_pb_column type=&#8221;1_2&#8243; _builder_version=&#8221;4.16&#8243; _module_preset=&#8221;default&#8221; global_colors_info=&#8221;{}&#8221;][et_pb_image src=&#8221;https:\/\/structeco.eu\/wp-content\/uploads\/2022\/02\/singel-panel.jpg&#8221; title_text=&#8221;singel-panel&#8221; _builder_version=&#8221;4.16&#8243; _module_preset=&#8221;default&#8221; global_colors_info=&#8221;{}&#8221;][\/et_pb_image][\/et_pb_column][et_pb_column type=&#8221;1_2&#8243; _builder_version=&#8221;4.16&#8243; _module_preset=&#8221;default&#8221; global_colors_info=&#8221;{}&#8221;][et_pb_blurb title=&#8221;Nj\u00eb sistem unik nd\u00ebrtimi SIP p\u00ebr mure q\u00eb jan\u00eb t\u00eb lehta, t\u00eb q\u00ebndrueshme dhe t\u00eb adaptuesh&#8221; _builder_version=&#8221;4.17.3&#8243; _module_preset=&#8221;default&#8221; header_level=&#8221;h3&#8243; header_font=&#8221;|600|||||||&#8221; header_text_color=&#8221;#7CDA24&#8243; body_text_color=&#8221;#000000&#8243; background_color=&#8221;#FFFFFF&#8221; background_layout=&#8221;dark&#8221; custom_margin=&#8221;||6px|||&#8221; link_option_url_new_window=&#8221;on&#8221; global_colors_info=&#8221;{}&#8221;]<\/p>\n<p>Paneli i vet\u00ebm SIP p\u00ebrb\u00ebhet nga polistiren i zgjeruar dhe i mbyllur n\u00eb nj\u00eb rrjet\u00eb teli \u00e7eliku t\u00eb dyfisht\u00eb t\u00eb galvanizuar t\u00eb lidhur me lidh\u00ebs, q\u00eb do t\u00eb p\u00ebrfundoj\u00eb me dy shtresa betoni.<\/p>\n<p>P\u00ebrdoret si nj\u00eb struktur\u00eb mb\u00ebshtet\u00ebse, p\u00ebr nd\u00ebrtesa deri n\u00eb kat\u00ebr kate, me aplikimin e suvas\u00eb strukturore n\u00eb t\u00eb dy an\u00ebt, paneli i vet\u00ebm SIP \u00ebsht\u00eb ideal p\u00ebr muret, ndarjet, muret e perdes, dyshemet\u00eb dhe \u00e7atit\u00eb e sht\u00ebpive dhe t\u00eb gjitha llojet e tjera t\u00eb nd\u00ebrtesave.<\/p>\n<p>&nbsp;<\/p>\n<p>&nbsp;<\/p>\n<p>[\/et_pb_blurb][et_pb_button button_text=&#8221;Kerko&#8221; button_alignment=&#8221;center&#8221; _builder_version=&#8221;4.17.3&#8243; _module_preset=&#8221;default&#8221; custom_button=&#8221;on&#8221; button_text_color=&#8221;#000000&#8243; button_border_color=&#8221;#1b6010&#8243; button_border_radius=&#8221;21px&#8221; button_use_icon=&#8221;off&#8221; animation_style=&#8221;slide&#8221; global_colors_info=&#8221;{}&#8221; background_layout__hover_enabled=&#8221;on|desktop&#8221; background_layout__hover=&#8221;dark&#8221; button_text_color__hover_enabled=&#8221;on|hover&#8221; button_text_color__hover=&#8221;#FFFFFF&#8221; button_bg_color__hover_enabled=&#8221;on|hover&#8221; button_bg_color__hover=&#8221;#7CDA24&#8243; button_bg_enable_color__hover=&#8221;on&#8221;][\/et_pb_button][\/et_pb_column][\/et_pb_row][\/et_pb_section][et_pb_section fb_built=&#8221;1&#8243; admin_label=&#8221;Hero&#8221; _builder_version=&#8221;4.16&#8243; use_background_color_gradient=&#8221;on&#8221; background_color_gradient_type=&#8221;circular&#8221; background_color_gradient_direction_radial=&#8221;top left&#8221; background_color_gradient_stops=&#8221;#7cda24 0%|#53700c 100%&#8221; background_color_gradient_overlays_image=&#8221;on&#8221; background_color_gradient_start=&#8221;#7cda24&#8243; background_color_gradient_end=&#8221;#53700c&#8221; background_image=&#8221;https:\/\/structeco.eu\/wp-content\/uploads\/2022\/01\/construction-33.jpg&#8221; custom_margin=&#8221;||-28px||false|&#8221; custom_padding=&#8221;0vw||0vw||true|false&#8221; locked=&#8221;off&#8221; global_colors_info=&#8221;{}&#8221;][et_pb_row column_structure=&#8221;1_2,1_2&#8243; _builder_version=&#8221;4.16&#8243; global_colors_info=&#8221;{}&#8221;][et_pb_column type=&#8221;1_2&#8243; _builder_version=&#8221;4.16&#8243; custom_padding=&#8221;|||&#8221; global_colors_info=&#8221;{}&#8221; custom_padding__hover=&#8221;|||&#8221;][et_pb_text _builder_version=&#8221;4.17.3&#8243; text_font=&#8221;||||||||&#8221; header_font=&#8221;Rubik|700|||||||&#8221; header_font_size=&#8221;64px&#8221; header_line_height=&#8221;1.1em&#8221; background_layout=&#8221;dark&#8221; max_width=&#8221;483px&#8221; custom_margin=&#8221;||0px|&#8221; custom_padding=&#8221;|15px||16px||&#8221; text_font_size_tablet=&#8221;14px&#8221; text_font_size_last_edited=&#8221;off|desktop&#8221; header_font_size_tablet=&#8221;44px&#8221; header_font_size_phone=&#8221;32px&#8221; header_font_size_last_edited=&#8221;on|phone&#8221; border_color_all=&#8221;#ffb400&#8243; border_width_left=&#8221;10px&#8221; global_colors_info=&#8221;{}&#8221;]<\/p>\n<h2>P\u00ebrfitimet e panelit t\u00eb vet\u00ebm t\u00eb murit SIP<\/h2>\n<p>Paneli yn\u00eb i vet\u00ebm SIP \u00ebsht\u00eb ideal p\u00ebr ndarje muresh, mure perde, dysheme dhe \u00e7ati t\u00eb t\u00eb gjitha llojeve t\u00eb nd\u00ebrtesave dhe ka nevoj\u00eb p\u00ebr sa m\u00eb pak pajisje.<\/p>\n<p>&nbsp;<\/p>\n<p>[\/et_pb_text][\/et_pb_column][et_pb_column type=&#8221;1_2&#8243; _builder_version=&#8221;4.16&#8243; custom_padding=&#8221;|||&#8221; global_colors_info=&#8221;{}&#8221; custom_padding__hover=&#8221;|||&#8221;][et_pb_text _builder_version=&#8221;4.17.3&#8243; text_font=&#8221;||||||||&#8221; header_font=&#8221;Rubik|700|||||||&#8221; header_font_size=&#8221;64px&#8221; header_line_height=&#8221;1.1em&#8221; background_layout=&#8221;dark&#8221; max_width=&#8221;483px&#8221; custom_margin=&#8221;||0px|&#8221; custom_padding=&#8221;|13px||16px||&#8221; text_font_size_tablet=&#8221;14px&#8221; text_font_size_last_edited=&#8221;off|desktop&#8221; header_font_size_tablet=&#8221;44px&#8221; header_font_size_phone=&#8221;32px&#8221; header_font_size_last_edited=&#8221;on|phone&#8221; border_color_all=&#8221;#ffb400&#8243; border_width_left=&#8221;10px&#8221; global_colors_info=&#8221;{}&#8221;]<\/p>\n<h2>Nuk k\u00ebrkohen vin\u00e7a<\/h2>\n<p>Leht\u00ebsia e natyrshme e paneleve do t\u00eb thot\u00eb se ato mund t\u00eb barten n\u00eb vend me dor\u00eb, q\u00eb do t\u00eb thot\u00eb se nuk k\u00ebrkohen vin\u00e7a, duke ju kursyer koh\u00eb dhe para.<\/p>\n<p>[\/et_pb_text][\/et_pb_column][\/et_pb_row][et_pb_row column_structure=&#8221;1_2,1_2&#8243; _builder_version=&#8221;4.17.3&#8243; hover_enabled=&#8221;0&#8243; global_colors_info=&#8221;{}&#8221; min_height=&#8221;201px&#8221; width=&#8221;81%&#8221; sticky_enabled=&#8221;0&#8243;][et_pb_column type=&#8221;1_2&#8243; _builder_version=&#8221;4.16&#8243; custom_padding=&#8221;|||&#8221; global_colors_info=&#8221;{}&#8221; custom_padding__hover=&#8221;|||&#8221;][et_pb_text _builder_version=&#8221;4.17.3&#8243; text_font=&#8221;||||||||&#8221; header_font=&#8221;Rubik|700|||||||&#8221; header_font_size=&#8221;64px&#8221; header_line_height=&#8221;1.1em&#8221; background_layout=&#8221;dark&#8221; max_width=&#8221;483px&#8221; custom_margin=&#8221;||0px|&#8221; custom_padding=&#8221;|0px||16px||&#8221; text_font_size_tablet=&#8221;14px&#8221; text_font_size_last_edited=&#8221;off|desktop&#8221; header_font_size_tablet=&#8221;44px&#8221; header_font_size_phone=&#8221;32px&#8221; header_font_size_last_edited=&#8221;on|phone&#8221; border_color_all=&#8221;#ffb400&#8243; border_width_left=&#8221;10px&#8221; global_colors_info=&#8221;{}&#8221;]<\/p>\n<h2>Derdhje n\u00eb vend<\/h2>\n<p>Sistemi mund t\u00eb p\u00ebrdoret n\u00eb strukturat e parafabrikuara; struktura t\u00eb derdhura n\u00eb vend, n\u00eb vend; dhe beton sprucues n\u00eb vend, n\u00eb var\u00ebsi t\u00eb projektit dhe nevojave tuaja..<\/p>\n<p>[\/et_pb_text][\/et_pb_column][et_pb_column type=&#8221;1_2&#8243; _builder_version=&#8221;4.16&#8243; custom_padding=&#8221;|||&#8221; global_colors_info=&#8221;{}&#8221; custom_padding__hover=&#8221;|||&#8221;][et_pb_text _builder_version=&#8221;4.17.3&#8243; text_font=&#8221;||||||||&#8221; header_font=&#8221;Rubik|700|||||||&#8221; header_font_size=&#8221;64px&#8221; header_line_height=&#8221;1.1em&#8221; background_layout=&#8221;dark&#8221; custom_margin=&#8221;||0px|&#8221; custom_padding=&#8221;|17px||16px||&#8221; hover_enabled=&#8221;0&#8243; text_font_size_tablet=&#8221;14px&#8221; text_font_size_last_edited=&#8221;off|desktop&#8221; header_font_size_tablet=&#8221;44px&#8221; header_font_size_phone=&#8221;32px&#8221; header_font_size_last_edited=&#8221;on|phone&#8221; border_color_all=&#8221;#ffb400&#8243; border_width_left=&#8221;10px&#8221; global_colors_info=&#8221;{}&#8221; sticky_enabled=&#8221;0&#8243;]<\/p>\n<h2>Efikasiteti termik<\/h2>\n<p>Sistemi eliminon ur\u00ebn termike, e cila ndihmon n\u00eb uljen e konsumit t\u00eb energjis\u00eb duke kufizuar sasin\u00eb e ngrohjes dhe ftohjes q\u00eb k\u00ebrkohet n\u00eb nj\u00eb sht\u00ebpi duke krijuar nj\u00eb mjedis me efikasitet energjie.<\/p>\n<p>[\/et_pb_text][\/et_pb_column][\/et_pb_row][\/et_pb_section][et_pb_section fb_built=&#8221;1&#8243; _builder_version=&#8221;4.16&#8243; _module_preset=&#8221;default&#8221; bottom_divider_color=&#8221;#7CDA24&#8243; global_colors_info=&#8221;{}&#8221;][et_pb_row column_structure=&#8221;1_2,1_2&#8243; _builder_version=&#8221;4.16&#8243; _module_preset=&#8221;default&#8221; global_colors_info=&#8221;{}&#8221;][et_pb_column type=&#8221;1_2&#8243; _builder_version=&#8221;4.16&#8243; _module_preset=&#8221;default&#8221; global_colors_info=&#8221;{}&#8221;][et_pb_image src=&#8221;https:\/\/structeco.eu\/wp-content\/uploads\/2022\/02\/8-Products-Single-Panel-Easy-to-Hand-With-Onsite-Tools.jpg&#8221; title_text=&#8221;8-Products-Single-Panel-Easy-to-Hand-With-Onsite-Tools&#8221; _builder_version=&#8221;4.16&#8243; _module_preset=&#8221;default&#8221; global_colors_info=&#8221;{}&#8221;][\/et_pb_image][\/et_pb_column][et_pb_column type=&#8221;1_2&#8243; _builder_version=&#8221;4.16&#8243; _module_preset=&#8221;default&#8221; global_colors_info=&#8221;{}&#8221;][et_pb_blurb title=&#8221;Leht\u00ebsisht p\u00ebr tu trajtuar me mjete n\u00eb vend&#8221; _builder_version=&#8221;4.17.3&#8243; _module_preset=&#8221;default&#8221; header_level=&#8221;h3&#8243; header_font=&#8221;|600|||||||&#8221; header_text_color=&#8221;#7CDA24&#8243; body_text_color=&#8221;#000000&#8243; background_color=&#8221;#FFFFFF&#8221; background_layout=&#8221;dark&#8221; custom_margin=&#8221;||6px|||&#8221; link_option_url_new_window=&#8221;on&#8221; global_colors_info=&#8221;{}&#8221;]<\/p>\n<p>Sistemi \u00ebsht\u00eb i leht\u00eb p\u00ebr t&#8217;u nd\u00ebrtuar duke p\u00ebrdorur mjete n\u00eb vend, duke p\u00ebrfshir\u00eb mb\u00ebshtet\u00ebse metalike t\u00eb p\u00ebrshtatshme t\u00eb rregullueshme dhe shufra alumini ose materiale m\u00eb tradicionale t\u00eb kantierit t\u00eb nd\u00ebrtimit, si p.sh. d\u00ebrrasa druri ose drur\u00eb katror\u00eb. P\u00ebr t\u00eb siguruar vazhdim\u00ebsin\u00eb statike t\u00eb struktur\u00ebs, panelet jan\u00eb t\u00eb lidhura me shufrat e armatur\u00ebs dhe kjo mund t\u00eb kryhet duke p\u00ebrdorur pajisje t\u00eb p\u00ebrshtatshme ose mjete baz\u00eb t\u00eb kantierit si pinc\u00eb.<\/p>\n<p>&nbsp;<\/p>\n<p>&nbsp;<\/p>\n<p>&nbsp;<\/p>\n<p>[\/et_pb_blurb][et_pb_button button_text=&#8221;ZBULO ME SHUME&#8221; button_alignment=&#8221;center&#8221; _builder_version=&#8221;4.17.3&#8243; _module_preset=&#8221;default&#8221; custom_button=&#8221;on&#8221; button_text_color=&#8221;#000000&#8243; button_border_color=&#8221;#1b6010&#8243; button_border_radius=&#8221;21px&#8221; button_use_icon=&#8221;off&#8221; animation_style=&#8221;slide&#8221; global_colors_info=&#8221;{}&#8221; background_layout__hover_enabled=&#8221;on|desktop&#8221; background_layout__hover=&#8221;dark&#8221; button_text_color__hover_enabled=&#8221;on|hover&#8221; button_text_color__hover=&#8221;#FFFFFF&#8221; button_bg_color__hover_enabled=&#8221;on|hover&#8221; button_bg_color__hover=&#8221;#7CDA24&#8243; button_bg_enable_color__hover=&#8221;on&#8221;][\/et_pb_button][\/et_pb_column][\/et_pb_row][\/et_pb_section][et_pb_section fb_built=&#8221;1&#8243; _builder_version=&#8221;4.16&#8243; _module_preset=&#8221;default&#8221; custom_padding=&#8221;14px|||||&#8221; bottom_divider_color=&#8221;#7CDA24&#8243; global_colors_info=&#8221;{}&#8221;][et_pb_row column_structure=&#8221;1_2,1_2&#8243; _builder_version=&#8221;4.16&#8243; _module_preset=&#8221;default&#8221; global_colors_info=&#8221;{}&#8221;][et_pb_column type=&#8221;1_2&#8243; _builder_version=&#8221;4.16&#8243; _module_preset=&#8221;default&#8221; global_colors_info=&#8221;{}&#8221;][et_pb_blurb title=&#8221;Sa kushtojn\u00eb panelet e murit SIP n\u00eb Shqip\u00ebri&#8221; _builder_version=&#8221;4.17.3&#8243; _module_preset=&#8221;default&#8221; header_level=&#8221;h3&#8243; header_font=&#8221;|600|||||||&#8221; header_text_color=&#8221;#7CDA24&#8243; body_text_color=&#8221;#000000&#8243; background_color=&#8221;#FFFFFF&#8221; background_layout=&#8221;dark&#8221; custom_margin=&#8221;||6px|||&#8221; link_option_url_new_window=&#8221;on&#8221; global_colors_info=&#8221;{}&#8221;]<\/p>\n<p>Kostot e paneleve t\u00eb murit SIP jan\u00eb t\u00eb ul\u00ebta n\u00eb krahasim me metodat tradicionale t\u00eb nd\u00ebrtimit, duke ofruar vler\u00eb m\u00eb t\u00eb mir\u00eb se tullat dhe lla\u00e7i tradicional, \u00e7eliku ose kornizat prej druri. Kjo p\u00ebr shkak t\u00eb materialeve t\u00eb p\u00ebrdorura dhe koh\u00ebs s\u00eb reduktuar q\u00eb duhet p\u00ebr t\u00eb nd\u00ebrtuar me SIP-t\u00eb miq\u00ebsore me mjedisin.<\/p>\n<p>Kur vendosni \u00e7mimin e nj\u00eb projekti nd\u00ebrtimi duke p\u00ebrdorur SIP, merrni parasysh sa e madhe do t\u00eb jet\u00eb nd\u00ebrtesa, madh\u00ebsia e SIP-ve t\u00eb nevojshme, materiali mbulues dhe kostot e dor\u00ebzimit.<\/p>\n<p>P\u00ebr nj\u00eb kosto t\u00eb sakt\u00eb t\u00eb panelit t\u00eb murit SIP p\u00ebr projektin tuaj, bisedoni me nj\u00eb nga ekspert\u00ebt tan\u00eb.<\/p>\n<p>&nbsp;<\/p>\n<p>&nbsp;<\/p>\n<p>[\/et_pb_blurb][et_pb_button button_text=&#8221;MERR NJE CMIM&#8221; button_alignment=&#8221;center&#8221; _builder_version=&#8221;4.17.3&#8243; _module_preset=&#8221;default&#8221; custom_button=&#8221;on&#8221; button_text_color=&#8221;#000000&#8243; button_border_color=&#8221;#1b6010&#8243; button_border_radius=&#8221;21px&#8221; button_use_icon=&#8221;off&#8221; animation_style=&#8221;slide&#8221; global_colors_info=&#8221;{}&#8221; background_layout__hover_enabled=&#8221;on|desktop&#8221; background_layout__hover=&#8221;dark&#8221; button_text_color__hover_enabled=&#8221;on|hover&#8221; button_text_color__hover=&#8221;#FFFFFF&#8221; button_bg_color__hover_enabled=&#8221;on|hover&#8221; button_bg_color__hover=&#8221;#7CDA24&#8243; button_bg_enable_color__hover=&#8221;on&#8221;][\/et_pb_button][\/et_pb_column][et_pb_column type=&#8221;1_2&#8243; _builder_version=&#8221;4.16&#8243; _module_preset=&#8221;default&#8221; global_colors_info=&#8221;{}&#8221;][et_pb_image src=&#8221;https:\/\/structeco.eu\/wp-content\/uploads\/2022\/02\/23-Resources-Training-A-strong-Core.jpg&#8221; title_text=&#8221;23-Resources-Training-A-strong-Core&#8221; _builder_version=&#8221;4.16&#8243; _module_preset=&#8221;default&#8221; global_colors_info=&#8221;{}&#8221;][\/et_pb_image][\/et_pb_column][\/et_pb_row][\/et_pb_section]<\/p>\n","protected":false},"excerpt":{"rendered":"<p>Panele muri teke Paneli i vet\u00ebm eko-miq\u00ebsor EMMEDUE\u00ae p\u00ebrb\u00ebhet nga nj\u00eb gril\u00eb hap\u00ebsinore prej \u00e7eliku q\u00eb mbyll nj\u00eb b\u00ebrtham\u00eb prej polistireni t\u00eb zgjeruar, i cili m\u00eb pas p\u00ebrfundon, n\u00eb vend, me suva.Paneli i vet\u00ebm SIP p\u00ebrb\u00ebhet nga polistiren i zgjeruar dhe i mbyllur n\u00eb nj\u00eb rrjet\u00eb teli \u00e7eliku t\u00eb dyfisht\u00eb t\u00eb galvanizuar t\u00eb lidhur me [&hellip;]<\/p>\n","protected":false},"author":1,"featured_media":0,"parent":0,"menu_order":0,"comment_status":"closed","ping_status":"closed","template":"","meta":{"_et_pb_use_builder":"on","_et_pb_old_content":"","_et_gb_content_width":"","footnotes":""},"class_list":["post-569","page","type-page","status-publish","hentry"],"aioseo_notices":[],"_links":{"self":[{"href":"https:\/\/structeco.eu\/sq\/wp-json\/wp\/v2\/pages\/569","targetHints":{"allow":["GET"]}}],"collection":[{"href":"https:\/\/structeco.eu\/sq\/wp-json\/wp\/v2\/pages"}],"about":[{"href":"https:\/\/structeco.eu\/sq\/wp-json\/wp\/v2\/types\/page"}],"author":[{"embeddable":true,"href":"https:\/\/structeco.eu\/sq\/wp-json\/wp\/v2\/users\/1"}],"replies":[{"embeddable":true,"href":"https:\/\/structeco.eu\/sq\/wp-json\/wp\/v2\/comments?post=569"}],"version-history":[{"count":3,"href":"https:\/\/structeco.eu\/sq\/wp-json\/wp\/v2\/pages\/569\/revisions"}],"predecessor-version":[{"id":626,"href":"https:\/\/structeco.eu\/sq\/wp-json\/wp\/v2\/pages\/569\/revisions\/626"}],"wp:attachment":[{"href":"https:\/\/structeco.eu\/sq\/wp-json\/wp\/v2\/media?parent=569"}],"curies":[{"name":"wp","href":"https:\/\/api.w.org\/{rel}","templated":true}]}}