{"id":566,"date":"2022-02-08T17:09:40","date_gmt":"2022-02-08T17:09:40","guid":{"rendered":"https:\/\/structeco.eu\/curved-sip-panel\/"},"modified":"2022-04-28T15:26:44","modified_gmt":"2022-04-28T15:26:44","slug":"curved-sip-panel","status":"publish","type":"page","link":"https:\/\/structeco.eu\/sq\/curved-sip-panel\/","title":{"rendered":"Curved SIP Panel"},"content":{"rendered":"<p>[et_pb_section fb_built=&#8221;1&#8243; _builder_version=&#8221;4.16&#8243; _module_preset=&#8221;default&#8221; use_background_color_gradient=&#8221;on&#8221; background_color_gradient_type=&#8221;circular&#8221; background_color_gradient_stops=&#8221;#7e8901 0%|#2b87da 100%&#8221; background_color_gradient_start=&#8221;#7e8901&#8243; background_color_gradient_end=&#8221;#2b87da&#8221; custom_padding=&#8221;35px|||||&#8221; bottom_divider_style=&#8221;arrow2&#8243; bottom_divider_color=&#8221;#7CDA24&#8243; bottom_divider_height=&#8221;230px&#8221; bottom_divider_repeat=&#8221;1x&#8221; global_colors_info=&#8221;{}&#8221;][et_pb_row _builder_version=&#8221;4.16&#8243; _module_preset=&#8221;default&#8221; global_colors_info=&#8221;{}&#8221;][et_pb_column type=&#8221;4_4&#8243; _builder_version=&#8221;4.16&#8243; _module_preset=&#8221;default&#8221; global_colors_info=&#8221;{}&#8221;][et_pb_text _builder_version=&#8221;4.17.3&#8243; _module_preset=&#8221;default&#8221; text_font=&#8221;|700|||||||&#8221; text_text_color=&#8221;#FFFFFF&#8221; text_font_size=&#8221;19px&#8221; header_font=&#8221;Abel|700|||||||&#8221; header_text_align=&#8221;center&#8221; header_text_color=&#8221;#a0a0a0&#8243; header_font_size=&#8221;42px&#8221; background_image=&#8221;https:\/\/structeco.eu\/wp-content\/uploads\/2022\/02\/curved-panel.jpg&#8221; min_height=&#8221;406.6px&#8221; custom_margin=&#8221;-52px|||||&#8221; custom_padding=&#8221;80px||||false|false&#8221; global_colors_info=&#8221;{}&#8221;]<\/p>\n<h1 style=\"text-align: center;\">M2 Panels:Panele t\u00eb lakuar<\/h1>\n<p style=\"text-align: center;\">Paneli i vet\u00ebm eko-miq\u00ebsor EMMEDUE\u00ae p\u00ebrb\u00ebhet nga nj\u00eb gril\u00eb hap\u00ebsinore prej \u00e7eliku q\u00eb mbyll nj\u00eb b\u00ebrtham\u00eb prej polistireni t\u00eb zgjeruar, i cili m\u00eb pas p\u00ebrfundon, n\u00eb vend, me suva.<\/p>\n<p>[\/et_pb_text][\/et_pb_column][\/et_pb_row][\/et_pb_section][et_pb_section fb_built=&#8221;1&#8243; _builder_version=&#8221;4.16&#8243; _module_preset=&#8221;default&#8221; bottom_divider_color=&#8221;#7CDA24&#8243; global_colors_info=&#8221;{}&#8221;][et_pb_row column_structure=&#8221;1_2,1_2&#8243; _builder_version=&#8221;4.16&#8243; _module_preset=&#8221;default&#8221; global_colors_info=&#8221;{}&#8221;][et_pb_column type=&#8221;1_2&#8243; _builder_version=&#8221;4.16&#8243; _module_preset=&#8221;default&#8221; global_colors_info=&#8221;{}&#8221;][et_pb_image src=&#8221;https:\/\/structeco.eu\/wp-content\/uploads\/2022\/02\/curved-panel.jpg&#8221; title_text=&#8221;curved-panel&#8221; _builder_version=&#8221;4.16&#8243; _module_preset=&#8221;default&#8221; global_colors_info=&#8221;{}&#8221;][\/et_pb_image][\/et_pb_column][et_pb_column type=&#8221;1_2&#8243; _builder_version=&#8221;4.16&#8243; _module_preset=&#8221;default&#8221; global_colors_info=&#8221;{}&#8221;][et_pb_blurb title=&#8221;Nj\u00eb sistem nd\u00ebrtimi SIP i leht\u00eb, i lakuar, i q\u00ebndruesh\u00ebm q\u00eb ofron mund\u00ebsi t\u00eb pakufizuara&#8221; _builder_version=&#8221;4.17.3&#8243; _module_preset=&#8221;default&#8221; header_level=&#8221;h3&#8243; header_font=&#8221;|600|||||||&#8221; header_text_color=&#8221;#7CDA24&#8243; body_text_color=&#8221;#000000&#8243; background_color=&#8221;#FFFFFF&#8221; background_layout=&#8221;dark&#8221; custom_margin=&#8221;||6px|||&#8221; link_option_url_new_window=&#8221;on&#8221; global_colors_info=&#8221;{}&#8221;]<\/p>\n<p>Paneli i konstruksionit SIP me mb\u00ebshtjell\u00ebsin e tij prej rrjete metalike furnizohet nga uzina jon\u00eb, duke e b\u00ebr\u00eb t\u00eb leht\u00eb transportin dhe shkalla e k\u00ebrkuar e lakimit p\u00ebrcaktohet dhe krijohet n\u00eb vend duke p\u00ebrdorur nj\u00eb makin\u00eb rrotullimi pneumatike t\u00eb projektuar posa\u00e7\u00ebrisht.<\/p>\n<p>Paneli unik i mund\u00ebson nj\u00eb nd\u00ebrtuesi t\u00eb mbuloj\u00eb sip\u00ebrfaqe t\u00eb m\u00ebdha shpejt dhe me efikasitet dhe i lejon nj\u00eb arkitekti liri t\u00eb pakufizuar n\u00eb projektimin e form\u00ebs s\u00eb jashtme t\u00eb nj\u00eb nd\u00ebrtese. Sip\u00ebrfaqja e lakuar gjithashtu rrit qarkullimin e ajrit t\u00eb nj\u00eb nd\u00ebrtese, duke reduktuar lag\u00ebshtin\u00eb e mundshme dhe duke p\u00ebrmir\u00ebsuar rezistenc\u00ebn termike.<\/p>\n<p>&nbsp;<\/p>\n<p>[\/et_pb_blurb][et_pb_button button_text=&#8221;ZBULO&#8221; button_alignment=&#8221;center&#8221; _builder_version=&#8221;4.17.3&#8243; _module_preset=&#8221;default&#8221; custom_button=&#8221;on&#8221; button_text_color=&#8221;#000000&#8243; button_border_color=&#8221;#1b6010&#8243; button_border_radius=&#8221;21px&#8221; button_use_icon=&#8221;off&#8221; animation_style=&#8221;slide&#8221; global_colors_info=&#8221;{}&#8221; background_layout__hover_enabled=&#8221;on|desktop&#8221; background_layout__hover=&#8221;dark&#8221; button_text_color__hover_enabled=&#8221;on|hover&#8221; button_text_color__hover=&#8221;#FFFFFF&#8221; button_bg_color__hover_enabled=&#8221;on|hover&#8221; button_bg_color__hover=&#8221;#7CDA24&#8243; button_bg_enable_color__hover=&#8221;on&#8221;][\/et_pb_button][\/et_pb_column][\/et_pb_row][\/et_pb_section][et_pb_section fb_built=&#8221;1&#8243; admin_label=&#8221;Hero&#8221; _builder_version=&#8221;4.16&#8243; use_background_color_gradient=&#8221;on&#8221; background_color_gradient_type=&#8221;circular&#8221; background_color_gradient_direction_radial=&#8221;top left&#8221; background_color_gradient_stops=&#8221;#7cda24 0%|#53700c 100%&#8221; background_color_gradient_overlays_image=&#8221;on&#8221; background_color_gradient_start=&#8221;#7cda24&#8243; background_color_gradient_end=&#8221;#53700c&#8221; background_image=&#8221;https:\/\/structeco.eu\/wp-content\/uploads\/2022\/01\/construction-33.jpg&#8221; custom_margin=&#8221;||-28px||false|&#8221; custom_padding=&#8221;0vw||0vw||true|false&#8221; locked=&#8221;off&#8221; global_colors_info=&#8221;{}&#8221;][et_pb_row column_structure=&#8221;1_2,1_2&#8243; _builder_version=&#8221;4.17.3&#8243; min_height=&#8221;264.5px&#8221; custom_margin=&#8221;|auto|-95px|auto|false|false&#8221; hover_enabled=&#8221;0&#8243; global_colors_info=&#8221;{}&#8221; sticky_enabled=&#8221;0&#8243; custom_padding=&#8221;||83px|||&#8221;][et_pb_column type=&#8221;1_2&#8243; _builder_version=&#8221;4.16&#8243; custom_padding=&#8221;|||&#8221; global_colors_info=&#8221;{}&#8221; custom_padding__hover=&#8221;|||&#8221;][et_pb_text _builder_version=&#8221;4.17.3&#8243; text_font=&#8221;||||||||&#8221; header_font=&#8221;Rubik|700|||||||&#8221; header_font_size=&#8221;64px&#8221; header_line_height=&#8221;1.1em&#8221; background_layout=&#8221;dark&#8221; max_width=&#8221;483px&#8221; custom_margin=&#8221;||0px|&#8221; custom_padding=&#8221;|||16px|false|false&#8221; hover_enabled=&#8221;0&#8243; text_font_size_tablet=&#8221;14px&#8221; text_font_size_last_edited=&#8221;off|desktop&#8221; header_font_size_tablet=&#8221;44px&#8221; header_font_size_phone=&#8221;32px&#8221; header_font_size_last_edited=&#8221;on|phone&#8221; border_color_all=&#8221;#ffb400&#8243; border_width_left=&#8221;10px&#8221; global_colors_info=&#8221;{}&#8221; sticky_enabled=&#8221;0&#8243;]<\/p>\n<h2>Pse te perdorim SIP te lakuar<\/h2>\n<p>SIP-et tona unike t\u00eb paneleve t\u00eb lakuar me performanc\u00eb t\u00eb lart\u00eb mund t\u00eb b\u00ebhen pothuajse n\u00eb \u00e7do madh\u00ebsi dhe lejojn\u00eb q\u00eb sip\u00ebrfaqet e m\u00ebdha t\u00eb mbulohen shpejt dhe me efikasitet. Panelet e lakuara mund t\u00eb p\u00ebrdoren p\u00ebr mure dhe element\u00eb t\u00eb tjer\u00eb strukturor\u00eb.<\/p>\n<p>[\/et_pb_text][\/et_pb_column][et_pb_column type=&#8221;1_2&#8243; _builder_version=&#8221;4.16&#8243; custom_padding=&#8221;|||&#8221; global_colors_info=&#8221;{}&#8221; custom_padding__hover=&#8221;|||&#8221;][et_pb_text _builder_version=&#8221;4.17.3&#8243; text_font=&#8221;||||||||&#8221; header_font=&#8221;Rubik|700|||||||&#8221; header_font_size=&#8221;64px&#8221; header_line_height=&#8221;1.1em&#8221; background_layout=&#8221;dark&#8221; max_width=&#8221;483px&#8221; custom_margin=&#8221;||0px|&#8221; custom_padding=&#8221;|||16px|false|false&#8221; hover_enabled=&#8221;0&#8243; text_font_size_tablet=&#8221;14px&#8221; text_font_size_last_edited=&#8221;off|desktop&#8221; header_font_size_tablet=&#8221;44px&#8221; header_font_size_phone=&#8221;32px&#8221; header_font_size_last_edited=&#8221;on|phone&#8221; border_color_all=&#8221;#ffb400&#8243; border_width_left=&#8221;10px&#8221; global_colors_info=&#8221;{}&#8221; sticky_enabled=&#8221;0&#8243;]<\/p>\n<h4>Efikasiteti termik<\/h4>\n<p>Sistemi eliminon ur\u00ebn termike dhe \u00ebsht\u00eb i izoluar n\u00eb m\u00ebnyr\u00eb strukturore, gj\u00eb q\u00eb ndihmon n\u00eb uljen e konsumit t\u00eb energjis\u00eb duke kufizuar sasin\u00eb e ngrohjes dhe ftohjes q\u00eb k\u00ebrkohet n\u00eb nj\u00eb sht\u00ebpi.<\/p>\n<h2><span><\/span><\/h2>\n<p>[\/et_pb_text][\/et_pb_column][\/et_pb_row][et_pb_row column_structure=&#8221;1_2,1_2&#8243; _builder_version=&#8221;4.16&#8243; global_colors_info=&#8221;{}&#8221; min_height=&#8221;183.5px&#8221; custom_margin=&#8221;|auto|-22px|auto||&#8221;][et_pb_column type=&#8221;1_2&#8243; _builder_version=&#8221;4.16&#8243; custom_padding=&#8221;|||&#8221; global_colors_info=&#8221;{}&#8221; custom_padding__hover=&#8221;|||&#8221;][et_pb_text _builder_version=&#8221;4.17.3&#8243; text_font=&#8221;||||||||&#8221; header_font=&#8221;Rubik|700|||||||&#8221; header_font_size=&#8221;64px&#8221; header_line_height=&#8221;1.1em&#8221; background_layout=&#8221;dark&#8221; max_width=&#8221;483px&#8221; custom_margin=&#8221;||0px|&#8221; custom_padding=&#8221;|||16px|false|false&#8221; hover_enabled=&#8221;0&#8243; text_font_size_tablet=&#8221;14px&#8221; text_font_size_last_edited=&#8221;off|desktop&#8221; header_font_size_tablet=&#8221;44px&#8221; header_font_size_phone=&#8221;32px&#8221; header_font_size_last_edited=&#8221;on|phone&#8221; border_color_all=&#8221;#ffb400&#8243; border_width_left=&#8221;10px&#8221; global_colors_info=&#8221;{}&#8221; sticky_enabled=&#8221;0&#8243;]<\/p>\n<h2>Hedhje n\u00eb vend<\/h2>\n<p>Sistemi mund t\u00eb p\u00ebrdoret n\u00eb strukturat e parafabrikuara; struktura t\u00eb derdhura n\u00eb vend, n\u00eb vend; dhe beton sp\u00ebrkat\u00ebs n\u00eb vend, n\u00eb var\u00ebsi t\u00eb projektit dhe nevojave tuaja.<\/p>\n<p>[\/et_pb_text][\/et_pb_column][et_pb_column type=&#8221;1_2&#8243; _builder_version=&#8221;4.16&#8243; custom_padding=&#8221;|||&#8221; global_colors_info=&#8221;{}&#8221; custom_padding__hover=&#8221;|||&#8221;][et_pb_text _builder_version=&#8221;4.17.3&#8243; text_font=&#8221;||||||||&#8221; header_font=&#8221;Rubik|700|||||||&#8221; header_font_size=&#8221;64px&#8221; header_line_height=&#8221;1.1em&#8221; background_layout=&#8221;dark&#8221; max_width=&#8221;483px&#8221; custom_margin=&#8221;||0px|&#8221; custom_padding=&#8221;|||16px|false|false&#8221; hover_enabled=&#8221;0&#8243; text_font_size_tablet=&#8221;14px&#8221; text_font_size_last_edited=&#8221;off|desktop&#8221; header_font_size_tablet=&#8221;44px&#8221; header_font_size_phone=&#8221;32px&#8221; header_font_size_last_edited=&#8221;on|phone&#8221; border_color_all=&#8221;#ffb400&#8243; border_width_left=&#8221;10px&#8221; global_colors_info=&#8221;{}&#8221; sticky_enabled=&#8221;0&#8243;]<\/p>\n<h4>Nuk k\u00ebrkohen vin\u00e7a<\/h4>\n<p>Leht\u00ebsia e natyrshme e paneleve do t\u00eb thot\u00eb q\u00eb ju mund ta mbani at\u00eb me dor\u00eb, k\u00ebshtu q\u00eb nuk nevojiten vin\u00e7a, duke ju kursyer koh\u00eb dhe para.<\/p>\n<p>[\/et_pb_text][\/et_pb_column][\/et_pb_row][\/et_pb_section][et_pb_section fb_built=&#8221;1&#8243; _builder_version=&#8221;4.16&#8243; _module_preset=&#8221;default&#8221; bottom_divider_color=&#8221;#7CDA24&#8243; global_colors_info=&#8221;{}&#8221;][et_pb_row column_structure=&#8221;1_2,1_2&#8243; _builder_version=&#8221;4.16&#8243; _module_preset=&#8221;default&#8221; global_colors_info=&#8221;{}&#8221; min_height=&#8221;439.4px&#8221;][et_pb_column type=&#8221;1_2&#8243; _builder_version=&#8221;4.16&#8243; _module_preset=&#8221;default&#8221; global_colors_info=&#8221;{}&#8221;][et_pb_image src=&#8221;https:\/\/structeco.eu\/wp-content\/uploads\/2022\/02\/panel-installation.jpg&#8221; title_text=&#8221;panel-installation&#8221; _builder_version=&#8221;4.16&#8243; _module_preset=&#8221;default&#8221; global_colors_info=&#8221;{}&#8221;][\/et_pb_image][\/et_pb_column][et_pb_column type=&#8221;1_2&#8243; _builder_version=&#8221;4.16&#8243; _module_preset=&#8221;default&#8221; global_colors_info=&#8221;{}&#8221;][et_pb_blurb title=&#8221;Leht\u00ebsi p\u00ebr t&#8217;u trajtuar me mjete n\u00eb vend&#8221; _builder_version=&#8221;4.17.3&#8243; _module_preset=&#8221;default&#8221; header_level=&#8221;h3&#8243; header_font=&#8221;|600|||||||&#8221; header_text_color=&#8221;#7CDA24&#8243; body_text_color=&#8221;#000000&#8243; background_color=&#8221;#FFFFFF&#8221; background_layout=&#8221;dark&#8221; custom_margin=&#8221;||6px|||&#8221; link_option_url_new_window=&#8221;on&#8221; global_colors_info=&#8221;{}&#8221;]<\/p>\n<p>Sistemi \u00ebsht\u00eb i leht\u00eb p\u00ebr t&#8217;u nd\u00ebrtuar duke p\u00ebrdorur mjete n\u00eb vend, duke p\u00ebrfshir\u00eb mb\u00ebshtet\u00ebse metalike t\u00eb p\u00ebrshtatshme t\u00eb rregullueshme dhe shufra alumini ose materiale m\u00eb tradicionale t\u00eb kantierit t\u00eb nd\u00ebrtimit, si p.sh. d\u00ebrrasa druri ose drur\u00eb katror\u00eb. P\u00ebr t\u00eb siguruar vazhdim\u00ebsin\u00eb statike t\u00eb struktur\u00ebs, panelet jan\u00eb t\u00eb lidhura me shufrat e armatur\u00ebs dhe kjo mund t\u00eb kryhet duke p\u00ebrdorur pajisje t\u00eb p\u00ebrshtatshme ose mjete baz\u00eb t\u00eb kantierit si pinc\u00eb.<\/p>\n<p>&nbsp;<\/p>\n<p>&nbsp;<\/p>\n<p>&nbsp;<\/p>\n<p>[\/et_pb_blurb][et_pb_button button_text=&#8221;ZBULO ME TEPER&#8221; button_alignment=&#8221;center&#8221; _builder_version=&#8221;4.17.3&#8243; _module_preset=&#8221;default&#8221; custom_button=&#8221;on&#8221; button_text_color=&#8221;#000000&#8243; button_border_color=&#8221;#1b6010&#8243; button_border_radius=&#8221;21px&#8221; button_use_icon=&#8221;off&#8221; animation_style=&#8221;slide&#8221; global_colors_info=&#8221;{}&#8221; background_layout__hover_enabled=&#8221;on|desktop&#8221; background_layout__hover=&#8221;dark&#8221; button_text_color__hover_enabled=&#8221;on|hover&#8221; button_text_color__hover=&#8221;#FFFFFF&#8221; button_bg_color__hover_enabled=&#8221;on|hover&#8221; button_bg_color__hover=&#8221;#7CDA24&#8243; button_bg_enable_color__hover=&#8221;on&#8221;][\/et_pb_button][\/et_pb_column][\/et_pb_row][\/et_pb_section][et_pb_section fb_built=&#8221;1&#8243; _builder_version=&#8221;4.16&#8243; _module_preset=&#8221;default&#8221; bottom_divider_color=&#8221;#7CDA24&#8243; global_colors_info=&#8221;{}&#8221;][et_pb_row column_structure=&#8221;1_2,1_2&#8243; _builder_version=&#8221;4.16&#8243; _module_preset=&#8221;default&#8221; global_colors_info=&#8221;{}&#8221;][et_pb_column type=&#8221;1_2&#8243; _builder_version=&#8221;4.16&#8243; _module_preset=&#8221;default&#8221; global_colors_info=&#8221;{}&#8221;][et_pb_blurb title=&#8221; B\u00ebni nj\u00eb ndryshim n\u00eb m\u00ebnyr\u00ebn se si nd\u00ebrtoni sot&#8221; _builder_version=&#8221;4.17.3&#8243; _module_preset=&#8221;default&#8221; header_level=&#8221;h3&#8243; header_font=&#8221;|600|||||||&#8221; header_text_color=&#8221;#7CDA24&#8243; body_text_color=&#8221;#000000&#8243; background_color=&#8221;#FFFFFF&#8221; background_layout=&#8221;dark&#8221; custom_margin=&#8221;||6px|||&#8221; link_option_url_new_window=&#8221;on&#8221; global_colors_info=&#8221;{}&#8221;]<\/p>\n<p>Ne e dim\u00eb se jeni n\u00ebn presion p\u00ebr t\u00eb reduktuar kostot e nd\u00ebrtimit dhe koh\u00ebn e nd\u00ebrtimit, duke nd\u00ebrtuar gjithashtu n\u00eb nj\u00eb m\u00ebnyr\u00eb m\u00eb t\u00eb q\u00ebndrueshme. Sistemi yn\u00eb i nd\u00ebrtimit do t&#8217;ju ofroj\u00eb shpejt\u00ebsi m\u00eb t\u00eb madhe nd\u00ebrtuese, gjurm\u00eb m\u00eb t\u00eb ul\u00ebt karboni dhe vler\u00eb m\u00eb t\u00eb mir\u00eb se tullat dhe lla\u00e7i tradicional, \u00e7eliku ose kornizat prej druri. Pra, pse t\u00eb mos ndryshoni m\u00ebnyr\u00ebn se si nd\u00ebrtoni sot?<\/p>\n<p>&nbsp;<\/p>\n<p>&nbsp;<\/p>\n<p>&nbsp;<\/p>\n<p>[\/et_pb_blurb][et_pb_button button_text=&#8221;MERR NJE CMIM&#8221; button_alignment=&#8221;center&#8221; _builder_version=&#8221;4.17.3&#8243; _module_preset=&#8221;default&#8221; custom_button=&#8221;on&#8221; button_text_color=&#8221;#000000&#8243; button_border_color=&#8221;#1b6010&#8243; button_border_radius=&#8221;21px&#8221; button_use_icon=&#8221;off&#8221; animation_style=&#8221;slide&#8221; global_colors_info=&#8221;{}&#8221; background_layout__hover_enabled=&#8221;on|desktop&#8221; background_layout__hover=&#8221;dark&#8221; button_text_color__hover_enabled=&#8221;on|hover&#8221; button_text_color__hover=&#8221;#FFFFFF&#8221; button_bg_color__hover_enabled=&#8221;on|hover&#8221; button_bg_color__hover=&#8221;#7CDA24&#8243; button_bg_enable_color__hover=&#8221;on&#8221;][\/et_pb_button][\/et_pb_column][et_pb_column type=&#8221;1_2&#8243; _builder_version=&#8221;4.16&#8243; _module_preset=&#8221;default&#8221; global_colors_info=&#8221;{}&#8221;][et_pb_image src=&#8221;https:\/\/structeco.eu\/wp-content\/uploads\/2022\/02\/ipad-mockup-2.png&#8221; title_text=&#8221;ipad-mockup-2&#8243; _builder_version=&#8221;4.16&#8243; _module_preset=&#8221;default&#8221; global_colors_info=&#8221;{}&#8221;][\/et_pb_image][\/et_pb_column][\/et_pb_row][\/et_pb_section]<\/p>\n","protected":false},"excerpt":{"rendered":"<p>M2 Panels:Panele t\u00eb lakuar Paneli i vet\u00ebm eko-miq\u00ebsor EMMEDUE\u00ae p\u00ebrb\u00ebhet nga nj\u00eb gril\u00eb hap\u00ebsinore prej \u00e7eliku q\u00eb mbyll nj\u00eb b\u00ebrtham\u00eb prej polistireni t\u00eb zgjeruar, i cili m\u00eb pas p\u00ebrfundon, n\u00eb vend, me suva.Paneli i konstruksionit SIP me mb\u00ebshtjell\u00ebsin e tij prej rrjete metalike furnizohet nga uzina jon\u00eb, duke e b\u00ebr\u00eb t\u00eb leht\u00eb transportin dhe shkalla [&hellip;]<\/p>\n","protected":false},"author":2,"featured_media":0,"parent":0,"menu_order":0,"comment_status":"closed","ping_status":"closed","template":"","meta":{"_et_pb_use_builder":"on","_et_pb_old_content":"","_et_gb_content_width":"","footnotes":""},"class_list":["post-566","page","type-page","status-publish","hentry"],"aioseo_notices":[],"_links":{"self":[{"href":"https:\/\/structeco.eu\/sq\/wp-json\/wp\/v2\/pages\/566","targetHints":{"allow":["GET"]}}],"collection":[{"href":"https:\/\/structeco.eu\/sq\/wp-json\/wp\/v2\/pages"}],"about":[{"href":"https:\/\/structeco.eu\/sq\/wp-json\/wp\/v2\/types\/page"}],"author":[{"embeddable":true,"href":"https:\/\/structeco.eu\/sq\/wp-json\/wp\/v2\/users\/2"}],"replies":[{"embeddable":true,"href":"https:\/\/structeco.eu\/sq\/wp-json\/wp\/v2\/comments?post=566"}],"version-history":[{"count":4,"href":"https:\/\/structeco.eu\/sq\/wp-json\/wp\/v2\/pages\/566\/revisions"}],"predecessor-version":[{"id":628,"href":"https:\/\/structeco.eu\/sq\/wp-json\/wp\/v2\/pages\/566\/revisions\/628"}],"wp:attachment":[{"href":"https:\/\/structeco.eu\/sq\/wp-json\/wp\/v2\/media?parent=566"}],"curies":[{"name":"wp","href":"https:\/\/api.w.org\/{rel}","templated":true}]}}